{"id":389,"date":"2023-01-25T17:11:57","date_gmt":"2023-01-25T16:11:57","guid":{"rendered":"https:\/\/niem-pol.pl\/de\/?page_id=389"},"modified":"2023-01-25T17:25:25","modified_gmt":"2023-01-25T16:25:25","slug":"renault-trafic-2019","status":"publish","type":"page","link":"https:\/\/niem-pol.pl\/de\/renault-trafic-2019\/","title":{"rendered":"Renault Trafic 2019"},"content":{"rendered":"\t\t<div data-elementor-type=\"wp-page\" data-elementor-id=\"389\" class=\"elementor elementor-389\" data-elementor-post-type=\"page\">\n\t\t\t\t\t\t<section class=\"elementor-section elementor-top-section elementor-element elementor-element-2e48fc29 elementor-section-boxed elementor-section-height-default elementor-section-height-default\" data-id=\"2e48fc29\" data-element_type=\"section\">\n\t\t\t\t\t\t<div class=\"elementor-container elementor-column-gap-default\">\n\t\t\t\t\t<div class=\"elementor-column elementor-col-100 elementor-top-column elementor-element elementor-element-3afa2af8\" data-id=\"3afa2af8\" data-element_type=\"column\">\n\t\t\t<div class=\"elementor-widget-wrap elementor-element-populated\">\n\t\t\t\t\t\t<div class=\"elementor-element elementor-element-4d15ea0 elementor-widget elementor-widget-image-gallery\" data-id=\"4d15ea0\" data-element_type=\"widget\" data-widget_type=\"image-gallery.default\">\n\t\t\t\t<div class=\"elementor-widget-container\">\n\t\t\t\t\t\t\t<div class=\"elementor-image-gallery\">\n\t\t\t<div id='gallery-1' class='gallery galleryid-389 gallery-columns-3 gallery-size-medium_large'><figure class='gallery-item'>\n\t\t\t<div class='gallery-icon landscape'>\n\t\t\t\t<a data-elementor-open-lightbox=\"yes\" data-elementor-lightbox-slideshow=\"4d15ea0\" data-elementor-lightbox-title=\"Renault-Trafic-1.jpeg\" data-e-action-hash=\"#elementor-action%3Aaction%3Dlightbox%26settings%3DeyJpZCI6MTEzLCJ1cmwiOiJodHRwczpcL1wvbmllbS1wb2wucGxcL2RlXC93cC1jb250ZW50XC91cGxvYWRzXC8yMDIzXC8wMVwvUmVuYXVsdC1UcmFmaWMtMS5qcGVnIiwic2xpZGVzaG93IjoiNGQxNWVhMCJ9\" href='https:\/\/niem-pol.pl\/de\/wp-content\/uploads\/2023\/01\/Renault-Trafic-1.jpeg'><img fetchpriority=\"high\" decoding=\"async\" width=\"768\" height=\"768\" src=\"https:\/\/niem-pol.pl\/de\/wp-content\/uploads\/2023\/01\/Renault-Trafic-1-768x768.jpeg\" class=\"attachment-medium_large size-medium_large\" alt=\"\" srcset=\"https:\/\/niem-pol.pl\/de\/wp-content\/uploads\/2023\/01\/Renault-Trafic-1-768x768.jpeg 768w, https:\/\/niem-pol.pl\/de\/wp-content\/uploads\/2023\/01\/Renault-Trafic-1-300x300.jpeg 300w, https:\/\/niem-pol.pl\/de\/wp-content\/uploads\/2023\/01\/Renault-Trafic-1-1024x1024.jpeg 1024w, https:\/\/niem-pol.pl\/de\/wp-content\/uploads\/2023\/01\/Renault-Trafic-1-150x150.jpeg 150w, https:\/\/niem-pol.pl\/de\/wp-content\/uploads\/2023\/01\/Renault-Trafic-1-1536x1536.jpeg 1536w, https:\/\/niem-pol.pl\/de\/wp-content\/uploads\/2023\/01\/Renault-Trafic-1.jpeg 1920w\" sizes=\"(max-width: 768px) 100vw, 768px\" \/><\/a>\n\t\t\t<\/div><\/figure><figure class='gallery-item'>\n\t\t\t<div class='gallery-icon landscape'>\n\t\t\t\t<a data-elementor-open-lightbox=\"yes\" data-elementor-lightbox-slideshow=\"4d15ea0\" data-elementor-lightbox-title=\"Renault-Trafic-przod.jpeg\" data-e-action-hash=\"#elementor-action%3Aaction%3Dlightbox%26settings%3DeyJpZCI6NDQ0LCJ1cmwiOiJodHRwczpcL1wvbmllbS1wb2wucGxcL2RlXC93cC1jb250ZW50XC91cGxvYWRzXC8yMDIzXC8wMVwvUmVuYXVsdC1UcmFmaWMtcHJ6b2QuanBlZyIsInNsaWRlc2hvdyI6IjRkMTVlYTAifQ%3D%3D\" href='https:\/\/niem-pol.pl\/de\/wp-content\/uploads\/2023\/01\/Renault-Trafic-przod.jpeg'><img decoding=\"async\" width=\"768\" height=\"768\" src=\"https:\/\/niem-pol.pl\/de\/wp-content\/uploads\/2023\/01\/Renault-Trafic-przod-768x768.jpeg\" class=\"attachment-medium_large size-medium_large\" alt=\"\" srcset=\"https:\/\/niem-pol.pl\/de\/wp-content\/uploads\/2023\/01\/Renault-Trafic-przod-768x768.jpeg 768w, https:\/\/niem-pol.pl\/de\/wp-content\/uploads\/2023\/01\/Renault-Trafic-przod-300x300.jpeg 300w, https:\/\/niem-pol.pl\/de\/wp-content\/uploads\/2023\/01\/Renault-Trafic-przod-1024x1024.jpeg 1024w, https:\/\/niem-pol.pl\/de\/wp-content\/uploads\/2023\/01\/Renault-Trafic-przod-150x150.jpeg 150w, https:\/\/niem-pol.pl\/de\/wp-content\/uploads\/2023\/01\/Renault-Trafic-przod-1536x1536.jpeg 1536w, https:\/\/niem-pol.pl\/de\/wp-content\/uploads\/2023\/01\/Renault-Trafic-przod.jpeg 1920w\" sizes=\"(max-width: 768px) 100vw, 768px\" \/><\/a>\n\t\t\t<\/div><\/figure><figure class='gallery-item'>\n\t\t\t<div class='gallery-icon landscape'>\n\t\t\t\t<a data-elementor-open-lightbox=\"yes\" data-elementor-lightbox-slideshow=\"4d15ea0\" data-elementor-lightbox-title=\"Renault-Trafic-wejscie.jpeg\" data-e-action-hash=\"#elementor-action%3Aaction%3Dlightbox%26settings%3DeyJpZCI6NDQ1LCJ1cmwiOiJodHRwczpcL1wvbmllbS1wb2wucGxcL2RlXC93cC1jb250ZW50XC91cGxvYWRzXC8yMDIzXC8wMVwvUmVuYXVsdC1UcmFmaWMtd2Vqc2NpZS5qcGVnIiwic2xpZGVzaG93IjoiNGQxNWVhMCJ9\" href='https:\/\/niem-pol.pl\/de\/wp-content\/uploads\/2023\/01\/Renault-Trafic-wejscie.jpeg'><img decoding=\"async\" width=\"768\" height=\"768\" src=\"https:\/\/niem-pol.pl\/de\/wp-content\/uploads\/2023\/01\/Renault-Trafic-wejscie-768x768.jpeg\" class=\"attachment-medium_large size-medium_large\" alt=\"\" srcset=\"https:\/\/niem-pol.pl\/de\/wp-content\/uploads\/2023\/01\/Renault-Trafic-wejscie-768x768.jpeg 768w, https:\/\/niem-pol.pl\/de\/wp-content\/uploads\/2023\/01\/Renault-Trafic-wejscie-300x300.jpeg 300w, https:\/\/niem-pol.pl\/de\/wp-content\/uploads\/2023\/01\/Renault-Trafic-wejscie-1024x1024.jpeg 1024w, https:\/\/niem-pol.pl\/de\/wp-content\/uploads\/2023\/01\/Renault-Trafic-wejscie-150x150.jpeg 150w, https:\/\/niem-pol.pl\/de\/wp-content\/uploads\/2023\/01\/Renault-Trafic-wejscie-1536x1536.jpeg 1536w, https:\/\/niem-pol.pl\/de\/wp-content\/uploads\/2023\/01\/Renault-Trafic-wejscie.jpeg 1920w\" sizes=\"(max-width: 768px) 100vw, 768px\" \/><\/a>\n\t\t\t<\/div><\/figure><figure class='gallery-item'>\n\t\t\t<div class='gallery-icon landscape'>\n\t\t\t\t<a data-elementor-open-lightbox=\"yes\" data-elementor-lightbox-slideshow=\"4d15ea0\" data-elementor-lightbox-title=\"Renault-Trafic-tyl.jpeg\" data-e-action-hash=\"#elementor-action%3Aaction%3Dlightbox%26settings%3DeyJpZCI6NDQ2LCJ1cmwiOiJodHRwczpcL1wvbmllbS1wb2wucGxcL2RlXC93cC1jb250ZW50XC91cGxvYWRzXC8yMDIzXC8wMVwvUmVuYXVsdC1UcmFmaWMtdHlsLmpwZWciLCJzbGlkZXNob3ciOiI0ZDE1ZWEwIn0%3D\" href='https:\/\/niem-pol.pl\/de\/wp-content\/uploads\/2023\/01\/Renault-Trafic-tyl.jpeg'><img loading=\"lazy\" decoding=\"async\" width=\"768\" height=\"768\" src=\"https:\/\/niem-pol.pl\/de\/wp-content\/uploads\/2023\/01\/Renault-Trafic-tyl-768x768.jpeg\" class=\"attachment-medium_large size-medium_large\" alt=\"\" srcset=\"https:\/\/niem-pol.pl\/de\/wp-content\/uploads\/2023\/01\/Renault-Trafic-tyl-768x768.jpeg 768w, https:\/\/niem-pol.pl\/de\/wp-content\/uploads\/2023\/01\/Renault-Trafic-tyl-300x300.jpeg 300w, https:\/\/niem-pol.pl\/de\/wp-content\/uploads\/2023\/01\/Renault-Trafic-tyl-1024x1024.jpeg 1024w, https:\/\/niem-pol.pl\/de\/wp-content\/uploads\/2023\/01\/Renault-Trafic-tyl-150x150.jpeg 150w, https:\/\/niem-pol.pl\/de\/wp-content\/uploads\/2023\/01\/Renault-Trafic-tyl-1536x1536.jpeg 1536w, https:\/\/niem-pol.pl\/de\/wp-content\/uploads\/2023\/01\/Renault-Trafic-tyl.jpeg 1920w\" sizes=\"(max-width: 768px) 100vw, 768px\" \/><\/a>\n\t\t\t<\/div><\/figure><figure class='gallery-item'>\n\t\t\t<div class='gallery-icon landscape'>\n\t\t\t\t<a data-elementor-open-lightbox=\"yes\" data-elementor-lightbox-slideshow=\"4d15ea0\" data-elementor-lightbox-title=\"Renault-Trafic-wewnatrz.jpeg\" data-e-action-hash=\"#elementor-action%3Aaction%3Dlightbox%26settings%3DeyJpZCI6NDQ3LCJ1cmwiOiJodHRwczpcL1wvbmllbS1wb2wucGxcL2RlXC93cC1jb250ZW50XC91cGxvYWRzXC8yMDIzXC8wMVwvUmVuYXVsdC1UcmFmaWMtd2V3bmF0cnouanBlZyIsInNsaWRlc2hvdyI6IjRkMTVlYTAifQ%3D%3D\" href='https:\/\/niem-pol.pl\/de\/wp-content\/uploads\/2023\/01\/Renault-Trafic-wewnatrz.jpeg'><img loading=\"lazy\" decoding=\"async\" width=\"768\" height=\"768\" src=\"https:\/\/niem-pol.pl\/de\/wp-content\/uploads\/2023\/01\/Renault-Trafic-wewnatrz-768x768.jpeg\" class=\"attachment-medium_large size-medium_large\" alt=\"\" srcset=\"https:\/\/niem-pol.pl\/de\/wp-content\/uploads\/2023\/01\/Renault-Trafic-wewnatrz-768x768.jpeg 768w, https:\/\/niem-pol.pl\/de\/wp-content\/uploads\/2023\/01\/Renault-Trafic-wewnatrz-300x300.jpeg 300w, https:\/\/niem-pol.pl\/de\/wp-content\/uploads\/2023\/01\/Renault-Trafic-wewnatrz-1024x1024.jpeg 1024w, https:\/\/niem-pol.pl\/de\/wp-content\/uploads\/2023\/01\/Renault-Trafic-wewnatrz-150x150.jpeg 150w, https:\/\/niem-pol.pl\/de\/wp-content\/uploads\/2023\/01\/Renault-Trafic-wewnatrz-1536x1536.jpeg 1536w, https:\/\/niem-pol.pl\/de\/wp-content\/uploads\/2023\/01\/Renault-Trafic-wewnatrz.jpeg 1920w\" sizes=\"(max-width: 768px) 100vw, 768px\" \/><\/a>\n\t\t\t<\/div><\/figure><figure class='gallery-item'>\n\t\t\t<div class='gallery-icon landscape'>\n\t\t\t\t<a data-elementor-open-lightbox=\"yes\" data-elementor-lightbox-slideshow=\"4d15ea0\" data-elementor-lightbox-title=\"Renault-Trafic-klimatyzacja.jpeg\" data-e-action-hash=\"#elementor-action%3Aaction%3Dlightbox%26settings%3DeyJpZCI6NDQ4LCJ1cmwiOiJodHRwczpcL1wvbmllbS1wb2wucGxcL2RlXC93cC1jb250ZW50XC91cGxvYWRzXC8yMDIzXC8wMVwvUmVuYXVsdC1UcmFmaWMta2xpbWF0eXphY2phLmpwZWciLCJzbGlkZXNob3ciOiI0ZDE1ZWEwIn0%3D\" href='https:\/\/niem-pol.pl\/de\/wp-content\/uploads\/2023\/01\/Renault-Trafic-klimatyzacja.jpeg'><img loading=\"lazy\" decoding=\"async\" width=\"768\" height=\"768\" src=\"https:\/\/niem-pol.pl\/de\/wp-content\/uploads\/2023\/01\/Renault-Trafic-klimatyzacja-768x768.jpeg\" class=\"attachment-medium_large size-medium_large\" alt=\"\" srcset=\"https:\/\/niem-pol.pl\/de\/wp-content\/uploads\/2023\/01\/Renault-Trafic-klimatyzacja-768x768.jpeg 768w, https:\/\/niem-pol.pl\/de\/wp-content\/uploads\/2023\/01\/Renault-Trafic-klimatyzacja-300x300.jpeg 300w, https:\/\/niem-pol.pl\/de\/wp-content\/uploads\/2023\/01\/Renault-Trafic-klimatyzacja-1024x1024.jpeg 1024w, https:\/\/niem-pol.pl\/de\/wp-content\/uploads\/2023\/01\/Renault-Trafic-klimatyzacja-150x150.jpeg 150w, https:\/\/niem-pol.pl\/de\/wp-content\/uploads\/2023\/01\/Renault-Trafic-klimatyzacja-1536x1536.jpeg 1536w, https:\/\/niem-pol.pl\/de\/wp-content\/uploads\/2023\/01\/Renault-Trafic-klimatyzacja.jpeg 1920w\" sizes=\"(max-width: 768px) 100vw, 768px\" \/><\/a>\n\t\t\t<\/div><\/figure>\n\t\t<\/div>\n\t\t<\/div>\n\t\t\t\t\t\t<\/div>\n\t\t\t\t<\/div>\n\t\t\t\t\t<\/div>\n\t\t<\/div>\n\t\t\t\t\t<\/div>\n\t\t<\/section>\n\t\t\t\t<section class=\"elementor-section elementor-top-section elementor-element elementor-element-7e880b88 elementor-section-boxed elementor-section-height-default elementor-section-height-default\" data-id=\"7e880b88\" data-element_type=\"section\">\n\t\t\t\t\t\t<div class=\"elementor-container elementor-column-gap-default\">\n\t\t\t\t\t<div class=\"elementor-column elementor-col-100 elementor-top-column elementor-element elementor-element-5e1ed4d3\" data-id=\"5e1ed4d3\" data-element_type=\"column\">\n\t\t\t<div class=\"elementor-widget-wrap elementor-element-populated\">\n\t\t\t\t\t\t<div class=\"elementor-element elementor-element-44e7b205 elementor-widget elementor-widget-text-editor\" data-id=\"44e7b205\" data-element_type=\"widget\" data-widget_type=\"text-editor.default\">\n\t\t\t\t<div class=\"elementor-widget-container\">\n\t\t\t\t\t\t\t\t\t<p><strong>Ilo\u015b\u0107 miejsc:<\/strong><\/p><p>8+1<br \/>VIP class<br \/><img decoding=\"async\" class=\"emoji\" role=\"img\" draggable=\"false\" src=\"https:\/\/s.w.org\/images\/core\/emoji\/14.0.0\/svg\/2705.svg\" alt=\"\u2705\" \/>EURO 6<\/p><p><strong>Wyposa\u017cenie:<\/strong><\/p><ul><li>radio, port USB<\/li><li>klimatyzacja<\/li><li>pasy bezpiecze\u0144stwa<\/li><\/ul>\t\t\t\t\t\t\t\t<\/div>\n\t\t\t\t<\/div>\n\t\t\t\t\t<\/div>\n\t\t<\/div>\n\t\t\t\t\t<\/div>\n\t\t<\/section>\n\t\t\t\t<\/div>\n\t\t","protected":false},"excerpt":{"rendered":"<p>Ilo\u015b\u0107 miejsc: 8+1VIP classEURO 6 Wyposa\u017cenie: radio, port USB klimatyzacja pasy bezpiecze\u0144stwa<\/p>\n","protected":false},"author":1,"featured_media":0,"parent":0,"menu_order":0,"comment_status":"closed","ping_status":"closed","template":"","meta":{"site-sidebar-layout":"no-sidebar","site-content-layout":"page-builder","ast-site-content-layout":"","site-content-style":"default","site-sidebar-style":"default","ast-global-header-display":"","ast-banner-title-visibility":"","ast-main-header-display":"","ast-hfb-above-header-display":"","ast-hfb-below-header-display":"","ast-hfb-mobile-header-display":"","site-post-title":"disabled","ast-breadcrumbs-content":"","ast-featured-img":"disabled","footer-sml-layout":"","theme-transparent-header-meta":"","adv-header-id-meta":"","stick-header-meta":"","header-above-stick-meta":"","header-main-stick-meta":"","header-below-stick-meta":"","astra-migrate-meta-layouts":"default","ast-page-background-enabled":"default","ast-page-background-meta":{"desktop":{"background-color":"var(--ast-global-color-4)","background-image":"","background-repeat":"repeat","background-position":"center center","background-size":"auto","background-attachment":"scroll","background-type":"","background-media":"","overlay-type":"","overlay-color":"","overlay-opacity":"","overlay-gradient":""},"tablet":{"background-color":"","background-image":"","background-repeat":"repeat","background-position":"center center","background-size":"auto","background-attachment":"scroll","background-type":"","background-media":"","overlay-type":"","overlay-color":"","overlay-opacity":"","overlay-gradient":""},"mobile":{"background-color":"","background-image":"","background-repeat":"repeat","background-position":"center center","background-size":"auto","background-attachment":"scroll","background-type":"","background-media":"","overlay-type":"","overlay-color":"","overlay-opacity":"","overlay-gradient":""}},"ast-content-background-meta":{"desktop":{"background-color":"var(--ast-global-color-5)","background-image":"","background-repeat":"repeat","background-position":"center center","background-size":"auto","background-attachment":"scroll","background-type":"","background-media":"","overlay-type":"","overlay-color":"","overlay-opacity":"","overlay-gradient":""},"tablet":{"background-color":"var(--ast-global-color-5)","background-image":"","background-repeat":"repeat","background-position":"center center","background-size":"auto","background-attachment":"scroll","background-type":"","background-media":"","overlay-type":"","overlay-color":"","overlay-opacity":"","overlay-gradient":""},"mobile":{"background-color":"var(--ast-global-color-5)","background-image":"","background-repeat":"repeat","background-position":"center center","background-size":"auto","background-attachment":"scroll","background-type":"","background-media":"","overlay-type":"","overlay-color":"","overlay-opacity":"","overlay-gradient":""}},"footnotes":""},"class_list":["post-389","page","type-page","status-publish","hentry"],"yoast_head":"<!-- This site is optimized with the Yoast SEO plugin v24.1 - https:\/\/yoast.com\/wordpress\/plugins\/seo\/ -->\n<title>Renault Trafic 2019 - Reiseb\u00fcro Niem-Pol<\/title>\n<meta name=\"robots\" content=\"index, follow, max-snippet:-1, max-image-preview:large, max-video-preview:-1\" \/>\n<link rel=\"canonical\" href=\"https:\/\/niem-pol.pl\/de\/renault-trafic-2019\/\" \/>\n<meta property=\"og:locale\" content=\"pl_PL\" \/>\n<meta property=\"og:type\" content=\"article\" \/>\n<meta property=\"og:title\" content=\"Renault Trafic 2019 - Reiseb\u00fcro Niem-Pol\" \/>\n<meta property=\"og:description\" content=\"Ilo\u015b\u0107 miejsc: 8+1VIP classEURO 6 Wyposa\u017cenie: radio, port USB klimatyzacja pasy bezpiecze\u0144stwa\" \/>\n<meta property=\"og:url\" content=\"https:\/\/niem-pol.pl\/de\/renault-trafic-2019\/\" \/>\n<meta property=\"og:site_name\" content=\"Reiseb\u00fcro Niem-Pol\" \/>\n<meta property=\"article:publisher\" content=\"https:\/\/www.facebook.com\/profile.php?id=100027869037239\" \/>\n<meta property=\"article:modified_time\" content=\"2023-01-25T16:25:25+00:00\" \/>\n<meta property=\"og:image\" content=\"https:\/\/niem-pol.pl\/de\/wp-content\/uploads\/2023\/01\/Renault-Trafic-1-768x768.jpeg\" \/>\n<meta name=\"twitter:card\" content=\"summary_large_image\" \/>\n<meta name=\"twitter:label1\" content=\"Szacowany czas czytania\" \/>\n\t<meta name=\"twitter:data1\" content=\"2 minuty\" \/>\n<script type=\"application\/ld+json\" class=\"yoast-schema-graph\">{\"@context\":\"https:\/\/schema.org\",\"@graph\":[{\"@type\":\"WebPage\",\"@id\":\"https:\/\/niem-pol.pl\/de\/renault-trafic-2019\/\",\"url\":\"https:\/\/niem-pol.pl\/de\/renault-trafic-2019\/\",\"name\":\"Renault Trafic 2019 - Reiseb\u00fcro Niem-Pol\",\"isPartOf\":{\"@id\":\"https:\/\/niem-pol.pl\/de\/#website\"},\"primaryImageOfPage\":{\"@id\":\"https:\/\/niem-pol.pl\/de\/renault-trafic-2019\/#primaryimage\"},\"image\":{\"@id\":\"https:\/\/niem-pol.pl\/de\/renault-trafic-2019\/#primaryimage\"},\"thumbnailUrl\":\"https:\/\/niem-pol.pl\/de\/wp-content\/uploads\/2023\/01\/Renault-Trafic-1-768x768.jpeg\",\"datePublished\":\"2023-01-25T16:11:57+00:00\",\"dateModified\":\"2023-01-25T16:25:25+00:00\",\"breadcrumb\":{\"@id\":\"https:\/\/niem-pol.pl\/de\/renault-trafic-2019\/#breadcrumb\"},\"inLanguage\":\"pl-PL\",\"potentialAction\":[{\"@type\":\"ReadAction\",\"target\":[\"https:\/\/niem-pol.pl\/de\/renault-trafic-2019\/\"]}]},{\"@type\":\"ImageObject\",\"inLanguage\":\"pl-PL\",\"@id\":\"https:\/\/niem-pol.pl\/de\/renault-trafic-2019\/#primaryimage\",\"url\":\"https:\/\/niem-pol.pl\/de\/wp-content\/uploads\/2023\/01\/Renault-Trafic-1.jpeg\",\"contentUrl\":\"https:\/\/niem-pol.pl\/de\/wp-content\/uploads\/2023\/01\/Renault-Trafic-1.jpeg\",\"width\":1920,\"height\":1920},{\"@type\":\"BreadcrumbList\",\"@id\":\"https:\/\/niem-pol.pl\/de\/renault-trafic-2019\/#breadcrumb\",\"itemListElement\":[{\"@type\":\"ListItem\",\"position\":1,\"name\":\"Strona g\u0142\u00f3wna\",\"item\":\"https:\/\/niem-pol.pl\/de\/\"},{\"@type\":\"ListItem\",\"position\":2,\"name\":\"Renault Trafic 2019\"}]},{\"@type\":\"WebSite\",\"@id\":\"https:\/\/niem-pol.pl\/de\/#website\",\"url\":\"https:\/\/niem-pol.pl\/de\/\",\"name\":\"Niem-Pol Mit uns ans Ziel\",\"description\":\"\",\"publisher\":{\"@id\":\"https:\/\/niem-pol.pl\/de\/#organization\"},\"potentialAction\":[{\"@type\":\"SearchAction\",\"target\":{\"@type\":\"EntryPoint\",\"urlTemplate\":\"https:\/\/niem-pol.pl\/de\/?s={search_term_string}\"},\"query-input\":{\"@type\":\"PropertyValueSpecification\",\"valueRequired\":true,\"valueName\":\"search_term_string\"}}],\"inLanguage\":\"pl-PL\"},{\"@type\":\"Organization\",\"@id\":\"https:\/\/niem-pol.pl\/de\/#organization\",\"name\":\"Niem-Pol\",\"url\":\"https:\/\/niem-pol.pl\/de\/\",\"logo\":{\"@type\":\"ImageObject\",\"inLanguage\":\"pl-PL\",\"@id\":\"https:\/\/niem-pol.pl\/de\/#\/schema\/logo\/image\/\",\"url\":\"https:\/\/niem-pol.pl\/de\/wp-content\/uploads\/2023\/01\/logo-niem-pol.png\",\"contentUrl\":\"https:\/\/niem-pol.pl\/de\/wp-content\/uploads\/2023\/01\/logo-niem-pol.png\",\"width\":922,\"height\":215,\"caption\":\"Niem-Pol\"},\"image\":{\"@id\":\"https:\/\/niem-pol.pl\/de\/#\/schema\/logo\/image\/\"},\"sameAs\":[\"https:\/\/www.facebook.com\/profile.php?id=100027869037239\",\"https:\/\/www.instagram.com\/niem_pol\/\"]}]}<\/script>\n<!-- \/ Yoast SEO plugin. -->","yoast_head_json":{"title":"Renault Trafic 2019 - Reiseb\u00fcro Niem-Pol","robots":{"index":"index","follow":"follow","max-snippet":"max-snippet:-1","max-image-preview":"max-image-preview:large","max-video-preview":"max-video-preview:-1"},"canonical":"https:\/\/niem-pol.pl\/de\/renault-trafic-2019\/","og_locale":"pl_PL","og_type":"article","og_title":"Renault Trafic 2019 - Reiseb\u00fcro Niem-Pol","og_description":"Ilo\u015b\u0107 miejsc: 8+1VIP classEURO 6 Wyposa\u017cenie: radio, port USB klimatyzacja pasy bezpiecze\u0144stwa","og_url":"https:\/\/niem-pol.pl\/de\/renault-trafic-2019\/","og_site_name":"Reiseb\u00fcro Niem-Pol","article_publisher":"https:\/\/www.facebook.com\/profile.php?id=100027869037239","article_modified_time":"2023-01-25T16:25:25+00:00","og_image":[{"url":"https:\/\/niem-pol.pl\/de\/wp-content\/uploads\/2023\/01\/Renault-Trafic-1-768x768.jpeg","type":"","width":"","height":""}],"twitter_card":"summary_large_image","twitter_misc":{"Szacowany czas czytania":"2 minuty"},"schema":{"@context":"https:\/\/schema.org","@graph":[{"@type":"WebPage","@id":"https:\/\/niem-pol.pl\/de\/renault-trafic-2019\/","url":"https:\/\/niem-pol.pl\/de\/renault-trafic-2019\/","name":"Renault Trafic 2019 - Reiseb\u00fcro Niem-Pol","isPartOf":{"@id":"https:\/\/niem-pol.pl\/de\/#website"},"primaryImageOfPage":{"@id":"https:\/\/niem-pol.pl\/de\/renault-trafic-2019\/#primaryimage"},"image":{"@id":"https:\/\/niem-pol.pl\/de\/renault-trafic-2019\/#primaryimage"},"thumbnailUrl":"https:\/\/niem-pol.pl\/de\/wp-content\/uploads\/2023\/01\/Renault-Trafic-1-768x768.jpeg","datePublished":"2023-01-25T16:11:57+00:00","dateModified":"2023-01-25T16:25:25+00:00","breadcrumb":{"@id":"https:\/\/niem-pol.pl\/de\/renault-trafic-2019\/#breadcrumb"},"inLanguage":"pl-PL","potentialAction":[{"@type":"ReadAction","target":["https:\/\/niem-pol.pl\/de\/renault-trafic-2019\/"]}]},{"@type":"ImageObject","inLanguage":"pl-PL","@id":"https:\/\/niem-pol.pl\/de\/renault-trafic-2019\/#primaryimage","url":"https:\/\/niem-pol.pl\/de\/wp-content\/uploads\/2023\/01\/Renault-Trafic-1.jpeg","contentUrl":"https:\/\/niem-pol.pl\/de\/wp-content\/uploads\/2023\/01\/Renault-Trafic-1.jpeg","width":1920,"height":1920},{"@type":"BreadcrumbList","@id":"https:\/\/niem-pol.pl\/de\/renault-trafic-2019\/#breadcrumb","itemListElement":[{"@type":"ListItem","position":1,"name":"Strona g\u0142\u00f3wna","item":"https:\/\/niem-pol.pl\/de\/"},{"@type":"ListItem","position":2,"name":"Renault Trafic 2019"}]},{"@type":"WebSite","@id":"https:\/\/niem-pol.pl\/de\/#website","url":"https:\/\/niem-pol.pl\/de\/","name":"Niem-Pol Mit uns ans Ziel","description":"","publisher":{"@id":"https:\/\/niem-pol.pl\/de\/#organization"},"potentialAction":[{"@type":"SearchAction","target":{"@type":"EntryPoint","urlTemplate":"https:\/\/niem-pol.pl\/de\/?s={search_term_string}"},"query-input":{"@type":"PropertyValueSpecification","valueRequired":true,"valueName":"search_term_string"}}],"inLanguage":"pl-PL"},{"@type":"Organization","@id":"https:\/\/niem-pol.pl\/de\/#organization","name":"Niem-Pol","url":"https:\/\/niem-pol.pl\/de\/","logo":{"@type":"ImageObject","inLanguage":"pl-PL","@id":"https:\/\/niem-pol.pl\/de\/#\/schema\/logo\/image\/","url":"https:\/\/niem-pol.pl\/de\/wp-content\/uploads\/2023\/01\/logo-niem-pol.png","contentUrl":"https:\/\/niem-pol.pl\/de\/wp-content\/uploads\/2023\/01\/logo-niem-pol.png","width":922,"height":215,"caption":"Niem-Pol"},"image":{"@id":"https:\/\/niem-pol.pl\/de\/#\/schema\/logo\/image\/"},"sameAs":["https:\/\/www.facebook.com\/profile.php?id=100027869037239","https:\/\/www.instagram.com\/niem_pol\/"]}]}},"_links":{"self":[{"href":"https:\/\/niem-pol.pl\/de\/wp-json\/wp\/v2\/pages\/389","targetHints":{"allow":["GET"]}}],"collection":[{"href":"https:\/\/niem-pol.pl\/de\/wp-json\/wp\/v2\/pages"}],"about":[{"href":"https:\/\/niem-pol.pl\/de\/wp-json\/wp\/v2\/types\/page"}],"author":[{"embeddable":true,"href":"https:\/\/niem-pol.pl\/de\/wp-json\/wp\/v2\/users\/1"}],"replies":[{"embeddable":true,"href":"https:\/\/niem-pol.pl\/de\/wp-json\/wp\/v2\/comments?post=389"}],"version-history":[{"count":4,"href":"https:\/\/niem-pol.pl\/de\/wp-json\/wp\/v2\/pages\/389\/revisions"}],"predecessor-version":[{"id":455,"href":"https:\/\/niem-pol.pl\/de\/wp-json\/wp\/v2\/pages\/389\/revisions\/455"}],"wp:attachment":[{"href":"https:\/\/niem-pol.pl\/de\/wp-json\/wp\/v2\/media?parent=389"}],"curies":[{"name":"wp","href":"https:\/\/api.w.org\/{rel}","templated":true}]}}