{"id":258,"date":"2023-01-20T22:12:07","date_gmt":"2023-01-20T21:12:07","guid":{"rendered":"https:\/\/niem-pol.pl\/de\/?page_id=258"},"modified":"2024-04-19T12:09:41","modified_gmt":"2024-04-19T10:09:41","slug":"elementor-258","status":"publish","type":"page","link":"https:\/\/niem-pol.pl\/de\/elementor-258\/","title":{"rendered":"Heimatstube"},"content":{"rendered":"\t\t<div data-elementor-type=\"wp-page\" data-elementor-id=\"258\" class=\"elementor elementor-258\" data-elementor-post-type=\"page\">\n\t\t\t\t\t\t<section class=\"elementor-section elementor-top-section elementor-element elementor-element-6bf55e36 elementor-section-full_width elementor-hidden-tablet elementor-hidden-mobile elementor-section-height-default elementor-section-height-default\" data-id=\"6bf55e36\" data-element_type=\"section\" data-settings=\"{&quot;background_background&quot;:&quot;classic&quot;}\">\n\t\t\t\t\t\t<div class=\"elementor-container elementor-column-gap-default\">\n\t\t\t\t\t<div class=\"elementor-column elementor-col-100 elementor-top-column elementor-element elementor-element-4f486723\" data-id=\"4f486723\" data-element_type=\"column\">\n\t\t\t<div class=\"elementor-widget-wrap elementor-element-populated\">\n\t\t\t\t\t\t<div class=\"elementor-element elementor-element-0502bc1 elementor-widget elementor-widget-image\" data-id=\"0502bc1\" data-element_type=\"widget\" data-widget_type=\"image.default\">\n\t\t\t\t<div class=\"elementor-widget-container\">\n\t\t\t\t\t\t\t\t\t\t\t\t\t\t\t<img fetchpriority=\"high\" decoding=\"async\" width=\"300\" height=\"300\" src=\"https:\/\/niem-pol.pl\/de\/wp-content\/uploads\/2023\/01\/obraz_2023-01-11_185726281-300x300.png\" class=\"attachment-medium size-medium wp-image-360\" alt=\"\" srcset=\"https:\/\/niem-pol.pl\/de\/wp-content\/uploads\/2023\/01\/obraz_2023-01-11_185726281-300x300.png 300w, https:\/\/niem-pol.pl\/de\/wp-content\/uploads\/2023\/01\/obraz_2023-01-11_185726281-150x150.png 150w, https:\/\/niem-pol.pl\/de\/wp-content\/uploads\/2023\/01\/obraz_2023-01-11_185726281.png 694w\" sizes=\"(max-width: 300px) 100vw, 300px\" \/>\t\t\t\t\t\t\t\t\t\t\t\t\t\t\t<\/div>\n\t\t\t\t<\/div>\n\t\t\t\t\t<\/div>\n\t\t<\/div>\n\t\t\t\t\t<\/div>\n\t\t<\/section>\n\t\t\t\t<section class=\"elementor-section elementor-top-section elementor-element elementor-element-7ee37d6d elementor-section-boxed elementor-section-height-default elementor-section-height-default\" data-id=\"7ee37d6d\" data-element_type=\"section\">\n\t\t\t\t\t\t<div class=\"elementor-container elementor-column-gap-default\">\n\t\t\t\t\t<div class=\"elementor-column elementor-col-100 elementor-top-column elementor-element elementor-element-16202453\" data-id=\"16202453\" data-element_type=\"column\">\n\t\t\t<div class=\"elementor-widget-wrap elementor-element-populated\">\n\t\t\t\t\t\t<div class=\"elementor-element elementor-element-58e80d0e elementor-widget elementor-widget-text-editor\" data-id=\"58e80d0e\" data-element_type=\"widget\" data-widget_type=\"text-editor.default\">\n\t\t\t\t<div class=\"elementor-widget-container\">\n\t\t\t\t\t\t\t\t\t<p style=\"text-align: center;\">Die Gedenkkammer \u015awierad\u00f3w ist ein Ort, an dem Sie die Geschichte Bad Flinsbergs erleben k\u00f6nnen. Postkarten, Fotos, Dokumente und B\u00fccher zeigen und beschreiben das Leben der Einwohner und Touristen dieses ber\u00fchmten Ferienortes. Zahlreiche Gegenst\u00e4nde aus ehemaligen Haushalten, Gesch\u00e4ften, B\u00e4ckereien, aber auch Herbergen und Hotels machen es m\u00f6glich, sich wie in einer Zeitmaschine in die Zeit des sp\u00e4ten 19. und fr\u00fchen 20. Jahrhunderts zu versetzen. Der Besuch der Gedenkkammer wird auch durch Geschichten \u00fcber die alten Zeiten von Bad Flinsberg &#8211; \u015awierad\u00f3w &#8211; Zdr\u00f3j bereichert.<\/p>\n<p style=\"text-align: center;\">Suchen Sie Ihr altes Zuhause f\u00fcr die Familie? Wir helfen Ihnen gerne, es zu finden. Rufen Sie <a href=\"tel: +48609066152\">+48 609 066 152<\/a> an.\u00a0\u00a0<\/p>\n<p><!-- \/wp:pullquote --><!-- wp:file {\"id\":423,\"href\":\"http:\/\/niem-pol.pl\/wp-content\/uploads\/2020\/12\/REGULAMIN-ZWIEDZANIA-\u015aWIERADOWSKIEJ-IZBY-PAMI\u0118CI.pdf\",\"align\":\"center\"} --><!-- \/wp:file --><\/p>\t\t\t\t\t\t\t\t<\/div>\n\t\t\t\t<\/div>\n\t\t\t\t\t<\/div>\n\t\t<\/div>\n\t\t\t\t\t<\/div>\n\t\t<\/section>\n\t\t\t\t<section class=\"elementor-section elementor-top-section elementor-element elementor-element-2aa69654 elementor-section-boxed elementor-section-height-default elementor-section-height-default\" data-id=\"2aa69654\" data-element_type=\"section\">\n\t\t\t\t\t\t<div class=\"elementor-container elementor-column-gap-default\">\n\t\t\t\t\t<div class=\"elementor-column elementor-col-100 elementor-top-column elementor-element elementor-element-434f9911\" data-id=\"434f9911\" data-element_type=\"column\">\n\t\t\t<div class=\"elementor-widget-wrap elementor-element-populated\">\n\t\t\t\t\t\t<div class=\"elementor-element elementor-element-15395bf9 elementor-widget elementor-widget-text-editor\" data-id=\"15395bf9\" data-element_type=\"widget\" data-widget_type=\"text-editor.default\">\n\t\t\t\t<div class=\"elementor-widget-container\">\n\t\t\t\t\t\t\t\t\t<p style=\"text-align: center;\"><strong>Wir laden ein!<\/strong><\/p>\n<p style=\"text-align: center;\"><strong>\u00d6ffnungszeiten:<\/strong><\/p>\n<p style=\"text-align: center;\"><strong>von Montag bis Freitag: 10.00-17.00<\/strong><\/p>\n<p style=\"text-align: center;\"><strong>Samstag: 11.00-15.00<\/strong><\/p>\n<p style=\"text-align: center;\"><strong>Sonntag: geschlossen<\/strong><\/p>\n<p style=\"text-align: center;\"><strong>Eintrittskarte 5 \u20ac\/Person<\/strong><\/p>\t\t\t\t\t\t\t\t<\/div>\n\t\t\t\t<\/div>\n\t\t\t\t\t<\/div>\n\t\t<\/div>\n\t\t\t\t\t<\/div>\n\t\t<\/section>\n\t\t\t\t<section class=\"elementor-section elementor-top-section elementor-element elementor-element-255fc299 elementor-section-boxed elementor-section-height-default elementor-section-height-default\" data-id=\"255fc299\" data-element_type=\"section\">\n\t\t\t\t\t\t<div class=\"elementor-container elementor-column-gap-default\">\n\t\t\t\t\t<div class=\"elementor-column elementor-col-100 elementor-top-column elementor-element elementor-element-7d03a434\" data-id=\"7d03a434\" data-element_type=\"column\">\n\t\t\t<div class=\"elementor-widget-wrap elementor-element-populated\">\n\t\t\t\t\t\t<div class=\"elementor-element elementor-element-63ce2600 elementor-button-info elementor-align-center e-transform elementor-widget elementor-widget-button\" data-id=\"63ce2600\" data-element_type=\"widget\" data-settings=\"{&quot;_transform_scale_effect_hover&quot;:{&quot;unit&quot;:&quot;px&quot;,&quot;size&quot;:1.2,&quot;sizes&quot;:[]},&quot;_transform_scale_effect_hover_tablet&quot;:{&quot;unit&quot;:&quot;px&quot;,&quot;size&quot;:&quot;&quot;,&quot;sizes&quot;:[]},&quot;_transform_scale_effect_hover_mobile&quot;:{&quot;unit&quot;:&quot;px&quot;,&quot;size&quot;:&quot;&quot;,&quot;sizes&quot;:[]}}\" data-widget_type=\"button.default\">\n\t\t\t\t<div class=\"elementor-widget-container\">\n\t\t\t\t\t\t\t\t\t<div class=\"elementor-button-wrapper\">\n\t\t\t\t\t<a class=\"elementor-button elementor-button-link elementor-size-sm\" href=\"http:\/\/niem-pol.pl\/wp-content\/uploads\/2020\/12\/REGULAMIN-ZWIEDZANIA-\u015aWIERADOWSKIEJ-IZBY-PAMI\u0118CI.pdf\">\n\t\t\t\t\t\t<span class=\"elementor-button-content-wrapper\">\n\t\t\t\t\t\t<span class=\"elementor-button-icon\">\n\t\t\t\t<i aria-hidden=\"true\" class=\"fas fa-file-download\"><\/i>\t\t\t<\/span>\n\t\t\t\t\t\t\t\t\t<span class=\"elementor-button-text\">Regelungen f\u00fcr den Besuch der Gedenkkammer<\/span>\n\t\t\t\t\t<\/span>\n\t\t\t\t\t<\/a>\n\t\t\t\t<\/div>\n\t\t\t\t\t\t\t\t<\/div>\n\t\t\t\t<\/div>\n\t\t\t\t\t<\/div>\n\t\t<\/div>\n\t\t\t\t\t<\/div>\n\t\t<\/section>\n\t\t\t\t<\/div>\n\t\t","protected":false},"excerpt":{"rendered":"<p>Die Gedenkkammer \u015awierad\u00f3w ist ein Ort, an dem Sie die Geschichte Bad Flinsbergs erleben k\u00f6nnen. Postkarten, Fotos, Dokumente und B\u00fccher zeigen und beschreiben das Leben der Einwohner und Touristen dieses ber\u00fchmten Ferienortes. Zahlreiche Gegenst\u00e4nde aus ehemaligen Haushalten, Gesch\u00e4ften, B\u00e4ckereien, aber auch Herbergen und Hotels machen es m\u00f6glich, sich wie in einer Zeitmaschine in die Zeit [&hellip;]<\/p>\n","protected":false},"author":1,"featured_media":0,"parent":0,"menu_order":0,"comment_status":"closed","ping_status":"closed","template":"","meta":{"site-sidebar-layout":"no-sidebar","site-content-layout":"page-builder","ast-site-content-layout":"","site-content-style":"default","site-sidebar-style":"default","ast-global-header-display":"","ast-banner-title-visibility":"","ast-main-header-display":"","ast-hfb-above-header-display":"","ast-hfb-below-header-display":"","ast-hfb-mobile-header-display":"","site-post-title":"disabled","ast-breadcrumbs-content":"","ast-featured-img":"disabled","footer-sml-layout":"","theme-transparent-header-meta":"","adv-header-id-meta":"","stick-header-meta":"","header-above-stick-meta":"","header-main-stick-meta":"","header-below-stick-meta":"","astra-migrate-meta-layouts":"default","ast-page-background-enabled":"default","ast-page-background-meta":{"desktop":{"background-color":"var(--ast-global-color-4)","background-image":"","background-repeat":"repeat","background-position":"center center","background-size":"auto","background-attachment":"scroll","background-type":"","background-media":"","overlay-type":"","overlay-color":"","overlay-opacity":"","overlay-gradient":""},"tablet":{"background-color":"","background-image":"","background-repeat":"repeat","background-position":"center center","background-size":"auto","background-attachment":"scroll","background-type":"","background-media":"","overlay-type":"","overlay-color":"","overlay-opacity":"","overlay-gradient":""},"mobile":{"background-color":"","background-image":"","background-repeat":"repeat","background-position":"center center","background-size":"auto","background-attachment":"scroll","background-type":"","background-media":"","overlay-type":"","overlay-color":"","overlay-opacity":"","overlay-gradient":""}},"ast-content-background-meta":{"desktop":{"background-color":"var(--ast-global-color-5)","background-image":"","background-repeat":"repeat","background-position":"center center","background-size":"auto","background-attachment":"scroll","background-type":"","background-media":"","overlay-type":"","overlay-color":"","overlay-opacity":"","overlay-gradient":""},"tablet":{"background-color":"var(--ast-global-color-5)","background-image":"","background-repeat":"repeat","background-position":"center center","background-size":"auto","background-attachment":"scroll","background-type":"","background-media":"","overlay-type":"","overlay-color":"","overlay-opacity":"","overlay-gradient":""},"mobile":{"background-color":"var(--ast-global-color-5)","background-image":"","background-repeat":"repeat","background-position":"center center","background-size":"auto","background-attachment":"scroll","background-type":"","background-media":"","overlay-type":"","overlay-color":"","overlay-opacity":"","overlay-gradient":""}},"footnotes":""},"class_list":["post-258","page","type-page","status-publish","hentry"],"yoast_head":"<!-- This site is optimized with the Yoast SEO plugin v24.1 - https:\/\/yoast.com\/wordpress\/plugins\/seo\/ -->\n<title>Heimatstube - Reiseb\u00fcro Niem-Pol<\/title>\n<meta name=\"robots\" content=\"index, follow, max-snippet:-1, max-image-preview:large, max-video-preview:-1\" \/>\n<link rel=\"canonical\" href=\"https:\/\/niem-pol.pl\/de\/elementor-258\/\" \/>\n<meta property=\"og:locale\" content=\"pl_PL\" \/>\n<meta property=\"og:type\" content=\"article\" \/>\n<meta property=\"og:title\" content=\"Heimatstube - Reiseb\u00fcro Niem-Pol\" \/>\n<meta property=\"og:description\" content=\"Die Gedenkkammer \u015awierad\u00f3w ist ein Ort, an dem Sie die Geschichte Bad Flinsbergs erleben k\u00f6nnen. Postkarten, Fotos, Dokumente und B\u00fccher zeigen und beschreiben das Leben der Einwohner und Touristen dieses ber\u00fchmten Ferienortes. Zahlreiche Gegenst\u00e4nde aus ehemaligen Haushalten, Gesch\u00e4ften, B\u00e4ckereien, aber auch Herbergen und Hotels machen es m\u00f6glich, sich wie in einer Zeitmaschine in die Zeit [&hellip;]\" \/>\n<meta property=\"og:url\" content=\"https:\/\/niem-pol.pl\/de\/elementor-258\/\" \/>\n<meta property=\"og:site_name\" content=\"Reiseb\u00fcro Niem-Pol\" \/>\n<meta property=\"article:publisher\" content=\"https:\/\/www.facebook.com\/profile.php?id=100027869037239\" \/>\n<meta property=\"article:modified_time\" content=\"2024-04-19T10:09:41+00:00\" \/>\n<meta property=\"og:image\" content=\"https:\/\/niem-pol.pl\/de\/wp-content\/uploads\/2023\/01\/obraz_2023-01-11_185726281-300x300.png\" \/>\n<meta name=\"twitter:card\" content=\"summary_large_image\" \/>\n<meta name=\"twitter:label1\" content=\"Szacowany czas czytania\" \/>\n\t<meta name=\"twitter:data1\" content=\"1 minuta\" \/>\n<script type=\"application\/ld+json\" class=\"yoast-schema-graph\">{\"@context\":\"https:\/\/schema.org\",\"@graph\":[{\"@type\":\"WebPage\",\"@id\":\"https:\/\/niem-pol.pl\/de\/elementor-258\/\",\"url\":\"https:\/\/niem-pol.pl\/de\/elementor-258\/\",\"name\":\"Heimatstube - Reiseb\u00fcro Niem-Pol\",\"isPartOf\":{\"@id\":\"https:\/\/niem-pol.pl\/de\/#website\"},\"primaryImageOfPage\":{\"@id\":\"https:\/\/niem-pol.pl\/de\/elementor-258\/#primaryimage\"},\"image\":{\"@id\":\"https:\/\/niem-pol.pl\/de\/elementor-258\/#primaryimage\"},\"thumbnailUrl\":\"https:\/\/niem-pol.pl\/de\/wp-content\/uploads\/2023\/01\/obraz_2023-01-11_185726281-300x300.png\",\"datePublished\":\"2023-01-20T21:12:07+00:00\",\"dateModified\":\"2024-04-19T10:09:41+00:00\",\"breadcrumb\":{\"@id\":\"https:\/\/niem-pol.pl\/de\/elementor-258\/#breadcrumb\"},\"inLanguage\":\"pl-PL\",\"potentialAction\":[{\"@type\":\"ReadAction\",\"target\":[\"https:\/\/niem-pol.pl\/de\/elementor-258\/\"]}]},{\"@type\":\"ImageObject\",\"inLanguage\":\"pl-PL\",\"@id\":\"https:\/\/niem-pol.pl\/de\/elementor-258\/#primaryimage\",\"url\":\"https:\/\/niem-pol.pl\/de\/wp-content\/uploads\/2023\/01\/obraz_2023-01-11_185726281.png\",\"contentUrl\":\"https:\/\/niem-pol.pl\/de\/wp-content\/uploads\/2023\/01\/obraz_2023-01-11_185726281.png\",\"width\":694,\"height\":694},{\"@type\":\"BreadcrumbList\",\"@id\":\"https:\/\/niem-pol.pl\/de\/elementor-258\/#breadcrumb\",\"itemListElement\":[{\"@type\":\"ListItem\",\"position\":1,\"name\":\"Strona g\u0142\u00f3wna\",\"item\":\"https:\/\/niem-pol.pl\/de\/\"},{\"@type\":\"ListItem\",\"position\":2,\"name\":\"Heimatstube\"}]},{\"@type\":\"WebSite\",\"@id\":\"https:\/\/niem-pol.pl\/de\/#website\",\"url\":\"https:\/\/niem-pol.pl\/de\/\",\"name\":\"Niem-Pol Mit uns ans Ziel\",\"description\":\"\",\"publisher\":{\"@id\":\"https:\/\/niem-pol.pl\/de\/#organization\"},\"potentialAction\":[{\"@type\":\"SearchAction\",\"target\":{\"@type\":\"EntryPoint\",\"urlTemplate\":\"https:\/\/niem-pol.pl\/de\/?s={search_term_string}\"},\"query-input\":{\"@type\":\"PropertyValueSpecification\",\"valueRequired\":true,\"valueName\":\"search_term_string\"}}],\"inLanguage\":\"pl-PL\"},{\"@type\":\"Organization\",\"@id\":\"https:\/\/niem-pol.pl\/de\/#organization\",\"name\":\"Niem-Pol\",\"url\":\"https:\/\/niem-pol.pl\/de\/\",\"logo\":{\"@type\":\"ImageObject\",\"inLanguage\":\"pl-PL\",\"@id\":\"https:\/\/niem-pol.pl\/de\/#\/schema\/logo\/image\/\",\"url\":\"https:\/\/niem-pol.pl\/de\/wp-content\/uploads\/2023\/01\/logo-niem-pol.png\",\"contentUrl\":\"https:\/\/niem-pol.pl\/de\/wp-content\/uploads\/2023\/01\/logo-niem-pol.png\",\"width\":922,\"height\":215,\"caption\":\"Niem-Pol\"},\"image\":{\"@id\":\"https:\/\/niem-pol.pl\/de\/#\/schema\/logo\/image\/\"},\"sameAs\":[\"https:\/\/www.facebook.com\/profile.php?id=100027869037239\",\"https:\/\/www.instagram.com\/niem_pol\/\"]}]}<\/script>\n<!-- \/ Yoast SEO plugin. -->","yoast_head_json":{"title":"Heimatstube - Reiseb\u00fcro Niem-Pol","robots":{"index":"index","follow":"follow","max-snippet":"max-snippet:-1","max-image-preview":"max-image-preview:large","max-video-preview":"max-video-preview:-1"},"canonical":"https:\/\/niem-pol.pl\/de\/elementor-258\/","og_locale":"pl_PL","og_type":"article","og_title":"Heimatstube - Reiseb\u00fcro Niem-Pol","og_description":"Die Gedenkkammer \u015awierad\u00f3w ist ein Ort, an dem Sie die Geschichte Bad Flinsbergs erleben k\u00f6nnen. Postkarten, Fotos, Dokumente und B\u00fccher zeigen und beschreiben das Leben der Einwohner und Touristen dieses ber\u00fchmten Ferienortes. Zahlreiche Gegenst\u00e4nde aus ehemaligen Haushalten, Gesch\u00e4ften, B\u00e4ckereien, aber auch Herbergen und Hotels machen es m\u00f6glich, sich wie in einer Zeitmaschine in die Zeit [&hellip;]","og_url":"https:\/\/niem-pol.pl\/de\/elementor-258\/","og_site_name":"Reiseb\u00fcro Niem-Pol","article_publisher":"https:\/\/www.facebook.com\/profile.php?id=100027869037239","article_modified_time":"2024-04-19T10:09:41+00:00","og_image":[{"url":"https:\/\/niem-pol.pl\/de\/wp-content\/uploads\/2023\/01\/obraz_2023-01-11_185726281-300x300.png","type":"","width":"","height":""}],"twitter_card":"summary_large_image","twitter_misc":{"Szacowany czas czytania":"1 minuta"},"schema":{"@context":"https:\/\/schema.org","@graph":[{"@type":"WebPage","@id":"https:\/\/niem-pol.pl\/de\/elementor-258\/","url":"https:\/\/niem-pol.pl\/de\/elementor-258\/","name":"Heimatstube - Reiseb\u00fcro Niem-Pol","isPartOf":{"@id":"https:\/\/niem-pol.pl\/de\/#website"},"primaryImageOfPage":{"@id":"https:\/\/niem-pol.pl\/de\/elementor-258\/#primaryimage"},"image":{"@id":"https:\/\/niem-pol.pl\/de\/elementor-258\/#primaryimage"},"thumbnailUrl":"https:\/\/niem-pol.pl\/de\/wp-content\/uploads\/2023\/01\/obraz_2023-01-11_185726281-300x300.png","datePublished":"2023-01-20T21:12:07+00:00","dateModified":"2024-04-19T10:09:41+00:00","breadcrumb":{"@id":"https:\/\/niem-pol.pl\/de\/elementor-258\/#breadcrumb"},"inLanguage":"pl-PL","potentialAction":[{"@type":"ReadAction","target":["https:\/\/niem-pol.pl\/de\/elementor-258\/"]}]},{"@type":"ImageObject","inLanguage":"pl-PL","@id":"https:\/\/niem-pol.pl\/de\/elementor-258\/#primaryimage","url":"https:\/\/niem-pol.pl\/de\/wp-content\/uploads\/2023\/01\/obraz_2023-01-11_185726281.png","contentUrl":"https:\/\/niem-pol.pl\/de\/wp-content\/uploads\/2023\/01\/obraz_2023-01-11_185726281.png","width":694,"height":694},{"@type":"BreadcrumbList","@id":"https:\/\/niem-pol.pl\/de\/elementor-258\/#breadcrumb","itemListElement":[{"@type":"ListItem","position":1,"name":"Strona g\u0142\u00f3wna","item":"https:\/\/niem-pol.pl\/de\/"},{"@type":"ListItem","position":2,"name":"Heimatstube"}]},{"@type":"WebSite","@id":"https:\/\/niem-pol.pl\/de\/#website","url":"https:\/\/niem-pol.pl\/de\/","name":"Niem-Pol Mit uns ans Ziel","description":"","publisher":{"@id":"https:\/\/niem-pol.pl\/de\/#organization"},"potentialAction":[{"@type":"SearchAction","target":{"@type":"EntryPoint","urlTemplate":"https:\/\/niem-pol.pl\/de\/?s={search_term_string}"},"query-input":{"@type":"PropertyValueSpecification","valueRequired":true,"valueName":"search_term_string"}}],"inLanguage":"pl-PL"},{"@type":"Organization","@id":"https:\/\/niem-pol.pl\/de\/#organization","name":"Niem-Pol","url":"https:\/\/niem-pol.pl\/de\/","logo":{"@type":"ImageObject","inLanguage":"pl-PL","@id":"https:\/\/niem-pol.pl\/de\/#\/schema\/logo\/image\/","url":"https:\/\/niem-pol.pl\/de\/wp-content\/uploads\/2023\/01\/logo-niem-pol.png","contentUrl":"https:\/\/niem-pol.pl\/de\/wp-content\/uploads\/2023\/01\/logo-niem-pol.png","width":922,"height":215,"caption":"Niem-Pol"},"image":{"@id":"https:\/\/niem-pol.pl\/de\/#\/schema\/logo\/image\/"},"sameAs":["https:\/\/www.facebook.com\/profile.php?id=100027869037239","https:\/\/www.instagram.com\/niem_pol\/"]}]}},"_links":{"self":[{"href":"https:\/\/niem-pol.pl\/de\/wp-json\/wp\/v2\/pages\/258","targetHints":{"allow":["GET"]}}],"collection":[{"href":"https:\/\/niem-pol.pl\/de\/wp-json\/wp\/v2\/pages"}],"about":[{"href":"https:\/\/niem-pol.pl\/de\/wp-json\/wp\/v2\/types\/page"}],"author":[{"embeddable":true,"href":"https:\/\/niem-pol.pl\/de\/wp-json\/wp\/v2\/users\/1"}],"replies":[{"embeddable":true,"href":"https:\/\/niem-pol.pl\/de\/wp-json\/wp\/v2\/comments?post=258"}],"version-history":[{"count":26,"href":"https:\/\/niem-pol.pl\/de\/wp-json\/wp\/v2\/pages\/258\/revisions"}],"predecessor-version":[{"id":1550,"href":"https:\/\/niem-pol.pl\/de\/wp-json\/wp\/v2\/pages\/258\/revisions\/1550"}],"wp:attachment":[{"href":"https:\/\/niem-pol.pl\/de\/wp-json\/wp\/v2\/media?parent=258"}],"curies":[{"name":"wp","href":"https:\/\/api.w.org\/{rel}","templated":true}]}}